{"id":8083,"date":"2024-08-27T12:40:17","date_gmt":"2024-08-27T18:40:17","guid":{"rendered":"https:\/\/www.larivieradeatitlan.com\/?page_id=8083"},"modified":"2024-08-28T14:48:15","modified_gmt":"2024-08-28T20:48:15","slug":"empleo","status":"publish","type":"page","link":"https:\/\/www.larivieradeatitlan.com\/en\/empleo\/","title":{"rendered":"empleo"},"content":{"rendered":"\t\t<div data-elementor-type=\"wp-page\" data-elementor-id=\"8083\" class=\"elementor elementor-8083\" data-elementor-post-type=\"page\">\n\t\t\t\t<div class=\"elementor-element elementor-element-30684b9 e-flex e-con-boxed e-con e-parent\" data-id=\"30684b9\" data-element_type=\"container\" data-e-type=\"container\" data-settings=\"{&quot;background_background&quot;:&quot;slideshow&quot;,&quot;background_slideshow_gallery&quot;:[{&quot;id&quot;:8091,&quot;url&quot;:&quot;https:\\\/\\\/www.larivieradeatitlan.com\\\/wp-content\\\/uploads\\\/2024\\\/08\\\/22.jpg&quot;},{&quot;id&quot;:8092,&quot;url&quot;:&quot;https:\\\/\\\/www.larivieradeatitlan.com\\\/wp-content\\\/uploads\\\/2024\\\/08\\\/33.jpg&quot;},{&quot;id&quot;:8093,&quot;url&quot;:&quot;https:\\\/\\\/www.larivieradeatitlan.com\\\/wp-content\\\/uploads\\\/2024\\\/08\\\/42.jpg&quot;}],&quot;background_slideshow_loop&quot;:&quot;yes&quot;,&quot;background_slideshow_slide_duration&quot;:5000,&quot;background_slideshow_slide_transition&quot;:&quot;fade&quot;,&quot;background_slideshow_transition_duration&quot;:500}\">\n\t\t\t\t\t<div class=\"e-con-inner\">\n\t\t<div class=\"elementor-element elementor-element-f3f244e e-con-full e-flex e-con e-child\" data-id=\"f3f244e\" data-element_type=\"container\" data-e-type=\"container\">\n\t\t<div class=\"elementor-element elementor-element-b0277ce e-flex e-con-boxed e-con e-child\" data-id=\"b0277ce\" data-element_type=\"container\" data-e-type=\"container\">\n\t\t\t\t\t<div class=\"e-con-inner\">\n\t\t\t\t<div class=\"elementor-element elementor-element-0716708 elementor-widget elementor-widget-heading\" data-id=\"0716708\" data-element_type=\"widget\" data-e-type=\"widget\" data-widget_type=\"heading.default\">\n\t\t\t\t<div class=\"elementor-widget-container\">\n\t\t\t\t\t<h1 class=\"elementor-heading-title elementor-size-default\">Trabaja con nosotros<\/h1>\t\t\t\t<\/div>\n\t\t\t\t<\/div>\n\t\t\t\t\t<\/div>\n\t\t\t\t<\/div>\n\t\t<div class=\"elementor-element elementor-element-1a773e5 e-con-full e-flex e-con e-child\" data-id=\"1a773e5\" data-element_type=\"container\" data-e-type=\"container\">\n\t\t\t\t<\/div>\n\t\t\t\t<\/div>\n\t\t\t\t\t<\/div>\n\t\t\t\t<\/div>\n\t\t<div class=\"elementor-element elementor-element-5beba23 e-flex e-con-boxed e-con e-parent\" data-id=\"5beba23\" data-element_type=\"container\" data-e-type=\"container\">\n\t\t\t\t\t<div class=\"e-con-inner\">\n\t\t<div class=\"elementor-element elementor-element-3cb2984 e-con-full e-flex e-con e-child\" data-id=\"3cb2984\" data-element_type=\"container\" data-e-type=\"container\">\n\t\t\t\t<div class=\"elementor-element elementor-element-0e50eee elementor-widget elementor-widget-text-editor\" data-id=\"0e50eee\" data-element_type=\"widget\" data-e-type=\"widget\" data-widget_type=\"text-editor.default\">\n\t\t\t\t<div class=\"elementor-widget-container\">\n\t\t\t\t\t\t\t\t\t<p>Debido a nuestro constante crecimiento gracias a la preferencia de nuestra muy distinguida clientela tenemos a disposici\u00f3n de todas las personas interesadas en formar parte de nuestro equipo esta p\u00e1gina para que puedan dejar sus curriculums e informaci\u00f3n para poder ser procesados.<\/p><p>Con frecuencia estamos abiertos a la captaci\u00f3n de talento humano para nuestras distintas \u00e1reas de servicio, as\u00ed que no dudes y deja tu informaci\u00f3n, probablemente tengamos un puesto especial para ti.<\/p>\t\t\t\t\t\t\t\t<\/div>\n\t\t\t\t<\/div>\n\t\t\t\t<\/div>\n\t\t<div class=\"elementor-element elementor-element-665b980 e-con-full e-flex e-con e-child\" data-id=\"665b980\" data-element_type=\"container\" data-e-type=\"container\">\n\t\t\t\t<div class=\"elementor-element elementor-element-68e3ff4 elementor-button-align-stretch elementor-widget elementor-widget-form\" data-id=\"68e3ff4\" data-element_type=\"widget\" data-e-type=\"widget\" data-settings=\"{&quot;step_next_label&quot;:&quot;Next&quot;,&quot;step_previous_label&quot;:&quot;Previous&quot;,&quot;button_width&quot;:&quot;100&quot;,&quot;step_type&quot;:&quot;number_text&quot;,&quot;step_icon_shape&quot;:&quot;circle&quot;}\" data-widget_type=\"form.default\">\n\t\t\t\t<div class=\"elementor-widget-container\">\n\t\t\t\t\t\t\t<form class=\"elementor-form\" method=\"post\" name=\"New Form\" aria-label=\"New Form\">\n\t\t\t<input type=\"hidden\" name=\"post_id\" value=\"8083\"\/>\n\t\t\t<input type=\"hidden\" name=\"form_id\" value=\"68e3ff4\"\/>\n\t\t\t<input type=\"hidden\" name=\"referer_title\" value=\"empleo - La Riviera de Atitl\u00e1n\" \/>\n\n\t\t\t\t\t\t\t<input type=\"hidden\" name=\"queried_id\" value=\"8083\"\/>\n\t\t\t\n\t\t\t<div class=\"elementor-form-fields-wrapper elementor-labels-above\">\n\t\t\t\t\t\t\t\t<div class=\"elementor-field-type-text elementor-field-group elementor-column elementor-field-group-name elementor-col-100\">\n\t\t\t\t\t\t\t\t\t\t\t\t<label for=\"form-field-name\" class=\"elementor-field-label\">\n\t\t\t\t\t\t\t\tNombre\t\t\t\t\t\t\t<\/label>\n\t\t\t\t\t\t\t\t\t\t\t\t\t\t<input size=\"1\" type=\"text\" name=\"form_fields[name]\" id=\"form-field-name\" class=\"elementor-field elementor-size-sm  elementor-field-textual\" placeholder=\"Ingresa tu nombre completo\">\n\t\t\t\t\t\t\t\t\t\t\t<\/div>\n\t\t\t\t\t\t\t\t<div class=\"elementor-field-type-email elementor-field-group elementor-column elementor-field-group-email elementor-col-100 elementor-field-required\">\n\t\t\t\t\t\t\t\t\t\t\t\t<label for=\"form-field-email\" class=\"elementor-field-label\">\n\t\t\t\t\t\t\t\tEmail\t\t\t\t\t\t\t<\/label>\n\t\t\t\t\t\t\t\t\t\t\t\t\t\t<input size=\"1\" type=\"email\" name=\"form_fields[email]\" id=\"form-field-email\" class=\"elementor-field elementor-size-sm  elementor-field-textual\" placeholder=\"Ingresa tu correo electr\u00f3nico\" required=\"required\">\n\t\t\t\t\t\t\t\t\t\t\t<\/div>\n\t\t\t\t\t\t\t\t<div class=\"elementor-field-type-tel elementor-field-group elementor-column elementor-field-group-field_258efc8 elementor-col-100 elementor-field-required\">\n\t\t\t\t\t\t\t\t\t\t\t\t<label for=\"form-field-field_258efc8\" class=\"elementor-field-label\">\n\t\t\t\t\t\t\t\tTel\u00e9fono\t\t\t\t\t\t\t<\/label>\n\t\t\t\t\t\t\t\t<input size=\"1\" type=\"tel\" name=\"form_fields[field_258efc8]\" id=\"form-field-field_258efc8\" class=\"elementor-field elementor-size-sm  elementor-field-textual\" placeholder=\"Ingresa tu tel\u00e9fono\" required=\"required\" pattern=\"[0-9()#&amp;+*-=.]+\" title=\"Only numbers and phone characters (#, -, *, etc) are accepted.\">\n\n\t\t\t\t\t\t<\/div>\n\t\t\t\t\t\t\t\t<div class=\"elementor-field-type-upload elementor-field-group elementor-column elementor-field-group-message elementor-col-100\">\n\t\t\t\t\t\t\t\t\t\t\t\t<label for=\"form-field-message\" class=\"elementor-field-label\">\n\t\t\t\t\t\t\t\tAdjunta tu CV\t\t\t\t\t\t\t<\/label>\n\t\t\t\t\t\t\t\t<input type=\"file\" name=\"form_fields[message]\" id=\"form-field-message\" class=\"elementor-field elementor-size-sm  elementor-upload-field\">\n\n\t\t\t\t\t\t<\/div>\n\t\t\t\t\t\t\t\t<div class=\"elementor-field-group elementor-column elementor-field-type-submit elementor-col-100 e-form__buttons\">\n\t\t\t\t\t<button class=\"elementor-button elementor-size-sm\" type=\"submit\">\n\t\t\t\t\t\t<span class=\"elementor-button-content-wrapper\">\n\t\t\t\t\t\t\t\t\t\t\t\t\t\t\t\t\t\t\t\t\t\t<span class=\"elementor-button-text\">Enviar<\/span>\n\t\t\t\t\t\t\t\t\t\t\t\t\t<\/span>\n\t\t\t\t\t<\/button>\n\t\t\t\t<\/div>\n\t\t\t<\/div>\n\t\t<\/form>\n\t\t\t\t\t\t<\/div>\n\t\t\t\t<\/div>\n\t\t\t\t<\/div>\n\t\t\t\t\t<\/div>\n\t\t\t\t<\/div>\n\t\t\t\t<\/div>\n\t\t","protected":false},"excerpt":{"rendered":"<p>Trabaja con nosotros Debido a nuestro constante crecimiento gracias a la preferencia de nuestra muy distinguida clientela tenemos a disposici\u00f3n de todas las personas interesadas en formar parte de nuestro equipo esta p\u00e1gina para que puedan dejar sus curriculums e informaci\u00f3n para poder ser procesados. Con frecuencia estamos abiertos a la captaci\u00f3n de talento humano&#8230;<\/p>\n","protected":false},"author":2,"featured_media":0,"parent":0,"menu_order":0,"comment_status":"closed","ping_status":"closed","template":"","meta":{"_kad_post_transparent":"","_kad_post_title":"hide","_kad_post_layout":"fullwidth","_kad_post_sidebar_id":"","_kad_post_content_style":"unboxed","_kad_post_vertical_padding":"hide","_kad_post_feature":"hide","_kad_post_feature_position":"","_kad_post_header":false,"_kad_post_footer":false,"_joinchat":[],"footnotes":""},"class_list":["post-8083","page","type-page","status-publish","hentry"],"_links":{"self":[{"href":"https:\/\/www.larivieradeatitlan.com\/en\/wp-json\/wp\/v2\/pages\/8083","targetHints":{"allow":["GET"]}}],"collection":[{"href":"https:\/\/www.larivieradeatitlan.com\/en\/wp-json\/wp\/v2\/pages"}],"about":[{"href":"https:\/\/www.larivieradeatitlan.com\/en\/wp-json\/wp\/v2\/types\/page"}],"author":[{"embeddable":true,"href":"https:\/\/www.larivieradeatitlan.com\/en\/wp-json\/wp\/v2\/users\/2"}],"replies":[{"embeddable":true,"href":"https:\/\/www.larivieradeatitlan.com\/en\/wp-json\/wp\/v2\/comments?post=8083"}],"version-history":[{"count":16,"href":"https:\/\/www.larivieradeatitlan.com\/en\/wp-json\/wp\/v2\/pages\/8083\/revisions"}],"predecessor-version":[{"id":8105,"href":"https:\/\/www.larivieradeatitlan.com\/en\/wp-json\/wp\/v2\/pages\/8083\/revisions\/8105"}],"wp:attachment":[{"href":"https:\/\/www.larivieradeatitlan.com\/en\/wp-json\/wp\/v2\/media?parent=8083"}],"curies":[{"name":"wp","href":"https:\/\/api.w.org\/{rel}","templated":true}]}}