{"id":7936,"date":"2023-08-31T15:23:34","date_gmt":"2023-08-31T21:23:34","guid":{"rendered":"https:\/\/www.larivieradeatitlan.com\/?page_id=7936"},"modified":"2025-09-30T16:55:19","modified_gmt":"2025-09-30T22:55:19","slug":"junior-suite","status":"publish","type":"page","link":"https:\/\/www.larivieradeatitlan.com\/en\/junior-suite\/","title":{"rendered":"Junior Suite"},"content":{"rendered":"\t\t<div data-elementor-type=\"wp-page\" data-elementor-id=\"7936\" class=\"elementor elementor-7936\" data-elementor-post-type=\"page\">\n\t\t\t\t<div class=\"elementor-element elementor-element-29e27028 e-flex e-con-boxed e-con e-parent\" data-id=\"29e27028\" data-element_type=\"container\" data-e-type=\"container\" data-settings=\"{&quot;background_background&quot;:&quot;classic&quot;,&quot;shape_divider_bottom&quot;:&quot;opacity-fan&quot;}\">\n\t\t\t\t\t<div class=\"e-con-inner\">\n\t\t\t\t<div class=\"elementor-shape elementor-shape-bottom\" aria-hidden=\"true\" data-negative=\"false\">\n\t\t\t<svg xmlns=\"http:\/\/www.w3.org\/2000\/svg\" viewBox=\"0 0 283.5 19.6\" preserveAspectRatio=\"none\">\n\t<path class=\"elementor-shape-fill\" style=\"opacity:0.33\" d=\"M0 0L0 18.8 141.8 4.1 283.5 18.8 283.5 0z\"\/>\n\t<path class=\"elementor-shape-fill\" style=\"opacity:0.33\" d=\"M0 0L0 12.6 141.8 4 283.5 12.6 283.5 0z\"\/>\n\t<path class=\"elementor-shape-fill\" style=\"opacity:0.33\" d=\"M0 0L0 6.4 141.8 4 283.5 6.4 283.5 0z\"\/>\n\t<path class=\"elementor-shape-fill\" d=\"M0 0L0 1.2 141.8 4 283.5 1.2 283.5 0z\"\/>\n<\/svg>\t\t<\/div>\n\t\t<div class=\"elementor-element elementor-element-868e6c0 e-flex e-con-boxed e-con e-child\" data-id=\"868e6c0\" data-element_type=\"container\" data-e-type=\"container\">\n\t\t\t\t\t<div class=\"e-con-inner\">\n\t\t\t\t<div class=\"elementor-element elementor-element-6e0bd9f2 elementor-widget elementor-widget-heading\" data-id=\"6e0bd9f2\" data-element_type=\"widget\" data-e-type=\"widget\" data-widget_type=\"heading.default\">\n\t\t\t\t<div class=\"elementor-widget-container\">\n\t\t\t\t\t<h2 class=\"elementor-heading-title elementor-size-default\">Junior Suite<\/h2>\t\t\t\t<\/div>\n\t\t\t\t<\/div>\n\t\t\t\t\t<\/div>\n\t\t\t\t<\/div>\n\t\t\t\t\t<\/div>\n\t\t\t\t<\/div>\n\t\t<div class=\"elementor-element elementor-element-d7e509c e-flex e-con-boxed elementor-invisible e-con e-parent\" data-id=\"d7e509c\" data-element_type=\"container\" data-e-type=\"container\" data-settings=\"{&quot;animation&quot;:&quot;fadeIn&quot;}\">\n\t\t\t\t\t<div class=\"e-con-inner\">\n\t\t<div class=\"elementor-element elementor-element-69a1554e e-con-full e-flex e-con e-child\" data-id=\"69a1554e\" data-element_type=\"container\" data-e-type=\"container\">\n\t\t\t\t<div class=\"elementor-element elementor-element-2afbb6c4 elementor-widget elementor-widget-heading\" data-id=\"2afbb6c4\" data-element_type=\"widget\" data-e-type=\"widget\" data-widget_type=\"heading.default\">\n\t\t\t\t<div class=\"elementor-widget-container\">\n\t\t\t\t\t<h2 class=\"elementor-heading-title elementor-size-default\">Junior Suite: 4 personas (incluye a adultos, ni\u00f1os y bebes)<\/h2>\t\t\t\t<\/div>\n\t\t\t\t<\/div>\n\t\t\t\t<div class=\"elementor-element elementor-element-9f5dcc8 elementor-widget elementor-widget-text-editor\" data-id=\"9f5dcc8\" data-element_type=\"widget\" data-e-type=\"widget\" data-widget_type=\"text-editor.default\">\n\t\t\t\t<div class=\"elementor-widget-container\">\n\t\t\t\t\t\t\t\t\t<ul><li>Dos habitaciones, la principal con una cama queen y la secundaria con dos camas imperiales.<\/li><li>Habitaci\u00f3n principal con ba\u00f1o privado con Tina o Ducha y Agua caliente.<\/li><li>Habitaci\u00f3n secundaria con ba\u00f1o compartido con Tina o Ducha y Agua caliente.<\/li><li>Sala privada con TV con cable<\/li><li>Balc\u00f3n con vista al Lago de Atitl\u00e1n<\/li><li>Wifi<\/li><li>Cocina totalmente equipada, con refrigerador y comedor para 4 personas<\/li><li>Secadora de Cabello<\/li><li>Tel\u00e9fono<\/li><li>Room Service bajo cargo adicional<\/li><\/ul>\t\t\t\t\t\t\t\t<\/div>\n\t\t\t\t<\/div>\n\t\t\t\t<\/div>\n\t\t<div class=\"elementor-element elementor-element-62aeac96 e-con-full e-flex e-con e-child\" data-id=\"62aeac96\" data-element_type=\"container\" data-e-type=\"container\">\n\t\t\t\t<div class=\"elementor-element elementor-element-74cdb5d8 elementor-widget elementor-widget-image\" data-id=\"74cdb5d8\" data-element_type=\"widget\" data-e-type=\"widget\" data-widget_type=\"image.default\">\n\t\t\t\t<div class=\"elementor-widget-container\">\n\t\t\t\t\t\t\t\t\t\t\t\t\t\t\t\t<a href=\"https:\/\/www.larivieradeatitlan.com\/wp-content\/uploads\/2025\/09\/terte.png\" data-elementor-open-lightbox=\"yes\" data-elementor-lightbox-title=\"terte\" data-e-action-hash=\"#elementor-action%3Aaction%3Dlightbox%26settings%3DeyJpZCI6ODEzMiwidXJsIjoiaHR0cHM6XC9cL3d3dy5sYXJpdmllcmFkZWF0aXRsYW4uY29tXC93cC1jb250ZW50XC91cGxvYWRzXC8yMDI1XC8wOVwvdGVydGUucG5nIn0%3D\">\n\t\t\t\t\t\t\t<img fetchpriority=\"high\" decoding=\"async\" width=\"386\" height=\"290\" src=\"https:\/\/www.larivieradeatitlan.com\/wp-content\/uploads\/2025\/09\/terte.png\" class=\"attachment-full size-full wp-image-8132\" alt=\"\" srcset=\"https:\/\/www.larivieradeatitlan.com\/wp-content\/uploads\/2025\/09\/terte.png 386w, https:\/\/www.larivieradeatitlan.com\/wp-content\/uploads\/2025\/09\/terte-300x225.png 300w\" sizes=\"(max-width: 386px) 100vw, 386px\" \/>\t\t\t\t\t\t\t\t<\/a>\n\t\t\t\t\t\t\t\t\t\t\t\t\t\t\t<\/div>\n\t\t\t\t<\/div>\n\t\t\t\t<\/div>\n\t\t\t\t\t<\/div>\n\t\t\t\t<\/div>\n\t\t<div class=\"elementor-element elementor-element-5a6a6ea e-flex e-con-boxed elementor-invisible e-con e-parent\" data-id=\"5a6a6ea\" data-element_type=\"container\" data-e-type=\"container\" data-settings=\"{&quot;animation&quot;:&quot;fadeIn&quot;}\">\n\t\t\t\t\t<div class=\"e-con-inner\">\n\t\t\t\t<div class=\"elementor-element elementor-element-796381a1 elementor-arrows-position-inside elementor-pagination-position-outside elementor-widget elementor-widget-image-carousel\" data-id=\"796381a1\" data-element_type=\"widget\" data-e-type=\"widget\" data-settings=\"{&quot;slides_to_show&quot;:&quot;3&quot;,&quot;image_spacing_custom&quot;:{&quot;unit&quot;:&quot;px&quot;,&quot;size&quot;:10,&quot;sizes&quot;:[]},&quot;navigation&quot;:&quot;both&quot;,&quot;autoplay&quot;:&quot;yes&quot;,&quot;pause_on_hover&quot;:&quot;yes&quot;,&quot;pause_on_interaction&quot;:&quot;yes&quot;,&quot;autoplay_speed&quot;:5000,&quot;infinite&quot;:&quot;yes&quot;,&quot;speed&quot;:500,&quot;image_spacing_custom_tablet&quot;:{&quot;unit&quot;:&quot;px&quot;,&quot;size&quot;:&quot;&quot;,&quot;sizes&quot;:[]},&quot;image_spacing_custom_mobile&quot;:{&quot;unit&quot;:&quot;px&quot;,&quot;size&quot;:&quot;&quot;,&quot;sizes&quot;:[]}}\" data-widget_type=\"image-carousel.default\">\n\t\t\t\t<div class=\"elementor-widget-container\">\n\t\t\t\t\t\t\t<div class=\"elementor-image-carousel-wrapper swiper\" role=\"region\" aria-roledescription=\"carousel\" aria-label=\"Carrusel de im\u00e1genes\" dir=\"ltr\">\n\t\t\t<div class=\"elementor-image-carousel swiper-wrapper\" aria-live=\"off\">\n\t\t\t\t\t\t\t\t<div class=\"swiper-slide\" role=\"group\" aria-roledescription=\"slide\" aria-label=\"1 de 4\"><figure class=\"swiper-slide-inner\"><img decoding=\"async\" class=\"swiper-slide-image\" src=\"https:\/\/www.larivieradeatitlan.com\/wp-content\/uploads\/2025\/09\/terte.png\" alt=\"terte\" \/><\/figure><\/div><div class=\"swiper-slide\" role=\"group\" aria-roledescription=\"slide\" aria-label=\"2 de 4\"><figure class=\"swiper-slide-inner\"><img decoding=\"async\" class=\"swiper-slide-image\" src=\"https:\/\/www.larivieradeatitlan.com\/wp-content\/uploads\/2025\/09\/yerye.png\" alt=\"yerye\" \/><\/figure><\/div><div class=\"swiper-slide\" role=\"group\" aria-roledescription=\"slide\" aria-label=\"3 de 4\"><figure class=\"swiper-slide-inner\"><img decoding=\"async\" class=\"swiper-slide-image\" src=\"https:\/\/www.larivieradeatitlan.com\/wp-content\/uploads\/2025\/09\/ertetr.png\" alt=\"ertetr\" \/><\/figure><\/div><div class=\"swiper-slide\" role=\"group\" aria-roledescription=\"slide\" aria-label=\"4 de 4\"><figure class=\"swiper-slide-inner\"><img decoding=\"async\" class=\"swiper-slide-image\" src=\"https:\/\/www.larivieradeatitlan.com\/wp-content\/uploads\/2023\/08\/image_50380801.webp\" alt=\"image_50380801\" \/><\/figure><\/div>\t\t\t<\/div>\n\t\t\t\t\t\t\t\t\t\t\t\t<div class=\"elementor-swiper-button elementor-swiper-button-prev\" role=\"button\" tabindex=\"0\">\n\t\t\t\t\t\t<i aria-hidden=\"true\" class=\"eicon-chevron-left\"><\/i>\t\t\t\t\t<\/div>\n\t\t\t\t\t<div class=\"elementor-swiper-button elementor-swiper-button-next\" role=\"button\" tabindex=\"0\">\n\t\t\t\t\t\t<i aria-hidden=\"true\" class=\"eicon-chevron-right\"><\/i>\t\t\t\t\t<\/div>\n\t\t\t\t\n\t\t\t\t\t\t\t\t\t<div class=\"swiper-pagination\"><\/div>\n\t\t\t\t\t\t\t\t\t<\/div>\n\t\t\t\t\t\t<\/div>\n\t\t\t\t<\/div>\n\t\t\t\t\t<\/div>\n\t\t\t\t<\/div>\n\t\t<div class=\"elementor-element elementor-element-a638fbe e-flex e-con-boxed e-con e-parent\" data-id=\"a638fbe\" data-element_type=\"container\" data-e-type=\"container\" data-settings=\"{&quot;background_background&quot;:&quot;classic&quot;}\">\n\t\t\t\t\t<div class=\"e-con-inner\">\n\t\t\t\t<div class=\"elementor-element elementor-element-2cada356 elementor-widget elementor-widget-heading\" data-id=\"2cada356\" data-element_type=\"widget\" data-e-type=\"widget\" data-widget_type=\"heading.default\">\n\t\t\t\t<div class=\"elementor-widget-container\">\n\t\t\t\t\t<h2 class=\"elementor-heading-title elementor-size-default\">\u00bfTe gustaria disfrutar un tiempo en la riviera?<\/h2>\t\t\t\t<\/div>\n\t\t\t\t<\/div>\n\t\t\t\t<div class=\"elementor-element elementor-element-412c04fa elementor-align-center elementor-widget elementor-widget-button\" data-id=\"412c04fa\" data-element_type=\"widget\" data-e-type=\"widget\" data-widget_type=\"button.default\">\n\t\t\t\t<div class=\"elementor-widget-container\">\n\t\t\t\t\t\t\t\t\t<div class=\"elementor-button-wrapper\">\n\t\t\t\t\t<a class=\"elementor-button elementor-button-link elementor-size-sm\" href=\"https:\/\/wa.me\/59927452?text=\u00a1Hola,%20buen%20d\u00eda!%20estoy%20interesado\/a%20en%20reservar%20una%20habitaci\u00f3n%20en%20el%20Hotel%20Riviera%20de%20Atitl\u00e1n.%20\u00bfMe%20podr\u00edan%20ayudar%20con%20el%20proceso%20de%20reserva?\" target=\"_blank\">\n\t\t\t\t\t\t<span class=\"elementor-button-content-wrapper\">\n\t\t\t\t\t\t\t\t\t<span class=\"elementor-button-text\">RESERVAR<\/span>\n\t\t\t\t\t<\/span>\n\t\t\t\t\t<\/a>\n\t\t\t\t<\/div>\n\t\t\t\t\t\t\t\t<\/div>\n\t\t\t\t<\/div>\n\t\t\t\t\t<\/div>\n\t\t\t\t<\/div>\n\t\t\t\t<\/div>\n\t\t","protected":false},"excerpt":{"rendered":"<p>Junior Suite Junior Suite: 4 personas (incluye a adultos, ni\u00f1os y bebes) Dos habitaciones, la principal con una cama queen y la secundaria con dos camas imperiales. Habitaci\u00f3n principal con ba\u00f1o privado con Tina o Ducha y Agua caliente. Habitaci\u00f3n secundaria con ba\u00f1o compartido con Tina o Ducha y Agua caliente. Sala privada con TV&#8230;<\/p>\n","protected":false},"author":2,"featured_media":0,"parent":0,"menu_order":0,"comment_status":"closed","ping_status":"closed","template":"","meta":{"_kad_post_transparent":"","_kad_post_title":"hide","_kad_post_layout":"fullwidth","_kad_post_sidebar_id":"","_kad_post_content_style":"unboxed","_kad_post_vertical_padding":"hide","_kad_post_feature":"hide","_kad_post_feature_position":"","_kad_post_header":false,"_kad_post_footer":false,"_joinchat":[],"footnotes":""},"class_list":["post-7936","page","type-page","status-publish","hentry"],"_links":{"self":[{"href":"https:\/\/www.larivieradeatitlan.com\/en\/wp-json\/wp\/v2\/pages\/7936","targetHints":{"allow":["GET"]}}],"collection":[{"href":"https:\/\/www.larivieradeatitlan.com\/en\/wp-json\/wp\/v2\/pages"}],"about":[{"href":"https:\/\/www.larivieradeatitlan.com\/en\/wp-json\/wp\/v2\/types\/page"}],"author":[{"embeddable":true,"href":"https:\/\/www.larivieradeatitlan.com\/en\/wp-json\/wp\/v2\/users\/2"}],"replies":[{"embeddable":true,"href":"https:\/\/www.larivieradeatitlan.com\/en\/wp-json\/wp\/v2\/comments?post=7936"}],"version-history":[{"count":16,"href":"https:\/\/www.larivieradeatitlan.com\/en\/wp-json\/wp\/v2\/pages\/7936\/revisions"}],"predecessor-version":[{"id":8144,"href":"https:\/\/www.larivieradeatitlan.com\/en\/wp-json\/wp\/v2\/pages\/7936\/revisions\/8144"}],"wp:attachment":[{"href":"https:\/\/www.larivieradeatitlan.com\/en\/wp-json\/wp\/v2\/media?parent=7936"}],"curies":[{"name":"wp","href":"https:\/\/api.w.org\/{rel}","templated":true}]}}