{"id":7904,"date":"2023-08-31T11:15:56","date_gmt":"2023-08-31T17:15:56","guid":{"rendered":"https:\/\/www.larivieradeatitlan.com\/?page_id=7904"},"modified":"2025-09-30T16:39:36","modified_gmt":"2025-09-30T22:39:36","slug":"habitacion-estandar","status":"publish","type":"page","link":"https:\/\/www.larivieradeatitlan.com\/en\/habitacion-estandar\/","title":{"rendered":"Habitaci\u00f3n Est\u00e1ndar"},"content":{"rendered":"\t\t<div data-elementor-type=\"wp-page\" data-elementor-id=\"7904\" class=\"elementor elementor-7904\" data-elementor-post-type=\"page\">\n\t\t\t\t<div class=\"elementor-element elementor-element-f6a8786 e-flex e-con-boxed e-con e-parent\" data-id=\"f6a8786\" data-element_type=\"container\" data-e-type=\"container\" data-settings=\"{&quot;background_background&quot;:&quot;classic&quot;,&quot;shape_divider_bottom&quot;:&quot;opacity-fan&quot;}\">\n\t\t\t\t\t<div class=\"e-con-inner\">\n\t\t\t\t<div class=\"elementor-shape elementor-shape-bottom\" aria-hidden=\"true\" data-negative=\"false\">\n\t\t\t<svg xmlns=\"http:\/\/www.w3.org\/2000\/svg\" viewBox=\"0 0 283.5 19.6\" preserveAspectRatio=\"none\">\n\t<path class=\"elementor-shape-fill\" style=\"opacity:0.33\" d=\"M0 0L0 18.8 141.8 4.1 283.5 18.8 283.5 0z\"\/>\n\t<path class=\"elementor-shape-fill\" style=\"opacity:0.33\" d=\"M0 0L0 12.6 141.8 4 283.5 12.6 283.5 0z\"\/>\n\t<path class=\"elementor-shape-fill\" style=\"opacity:0.33\" d=\"M0 0L0 6.4 141.8 4 283.5 6.4 283.5 0z\"\/>\n\t<path class=\"elementor-shape-fill\" d=\"M0 0L0 1.2 141.8 4 283.5 1.2 283.5 0z\"\/>\n<\/svg>\t\t<\/div>\n\t\t<div class=\"elementor-element elementor-element-01383ba e-flex e-con-boxed e-con e-child\" data-id=\"01383ba\" data-element_type=\"container\" data-e-type=\"container\">\n\t\t\t\t\t<div class=\"e-con-inner\">\n\t\t\t\t<div class=\"elementor-element elementor-element-2595b3b elementor-widget elementor-widget-heading\" data-id=\"2595b3b\" data-element_type=\"widget\" data-e-type=\"widget\" data-widget_type=\"heading.default\">\n\t\t\t\t<div class=\"elementor-widget-container\">\n\t\t\t\t\t<h2 class=\"elementor-heading-title elementor-size-default\">Habitaci\u00f3n Est\u00e1ndar<\/h2>\t\t\t\t<\/div>\n\t\t\t\t<\/div>\n\t\t\t\t\t<\/div>\n\t\t\t\t<\/div>\n\t\t\t\t\t<\/div>\n\t\t\t\t<\/div>\n\t\t<div class=\"elementor-element elementor-element-b0869e6 e-flex e-con-boxed elementor-invisible e-con e-parent\" data-id=\"b0869e6\" data-element_type=\"container\" data-e-type=\"container\" data-settings=\"{&quot;animation&quot;:&quot;fadeIn&quot;}\">\n\t\t\t\t\t<div class=\"e-con-inner\">\n\t\t<div class=\"elementor-element elementor-element-5956af3 e-con-full e-flex e-con e-child\" data-id=\"5956af3\" data-element_type=\"container\" data-e-type=\"container\">\n\t\t\t\t<div class=\"elementor-element elementor-element-f340383 elementor-widget elementor-widget-heading\" data-id=\"f340383\" data-element_type=\"widget\" data-e-type=\"widget\" data-widget_type=\"heading.default\">\n\t\t\t\t<div class=\"elementor-widget-container\">\n\t\t\t\t\t<h2 class=\"elementor-heading-title elementor-size-default\">Habitaci\u00f3n Est\u00e1ndar: 1 persona o 1 pareja<\/h2>\t\t\t\t<\/div>\n\t\t\t\t<\/div>\n\t\t\t\t<div class=\"elementor-element elementor-element-f23704c elementor-widget elementor-widget-text-editor\" data-id=\"f23704c\" data-element_type=\"widget\" data-e-type=\"widget\" data-widget_type=\"text-editor.default\">\n\t\t\t\t<div class=\"elementor-widget-container\">\n\t\t\t\t\t\t\t\t\t<ul><li>Cama King<\/li><li>Ba\u00f1o privado con Tina y Agua caliente<\/li><li>Sala privada con TV con cable<\/li><li>Balc\u00f3n con acceso desde habitaci\u00f3n y desde Sala con vista al Lago de Atitl\u00e1n<\/li><li>Wifi<\/li><li>Mini refri con servicio de Snack bajo cargo adicional<\/li><li>Secadora de Cabello<\/li><li>Tel\u00e9fono<\/li><li>Habitaci\u00f3n y sala alfombrada<\/li><li>Room Service bajo cargo adicional<\/li><\/ul>\t\t\t\t\t\t\t\t<\/div>\n\t\t\t\t<\/div>\n\t\t\t\t<\/div>\n\t\t<div class=\"elementor-element elementor-element-349dcd4 e-con-full e-flex e-con e-child\" data-id=\"349dcd4\" data-element_type=\"container\" data-e-type=\"container\">\n\t\t\t\t<div class=\"elementor-element elementor-element-7453536 elementor-widget elementor-widget-image\" data-id=\"7453536\" data-element_type=\"widget\" data-e-type=\"widget\" data-widget_type=\"image.default\">\n\t\t\t\t<div class=\"elementor-widget-container\">\n\t\t\t\t\t\t\t\t\t\t\t\t\t\t\t\t<a href=\"https:\/\/www.larivieradeatitlan.com\/wp-content\/uploads\/2023\/09\/WhatsApp-Image-2023-09-07-at-12.51.09-PM.jpeg\" data-elementor-open-lightbox=\"yes\" data-elementor-lightbox-title=\"Habitaci\u00f3n Est\u00e1ndar\" data-e-action-hash=\"#elementor-action%3Aaction%3Dlightbox%26settings%3DeyJpZCI6ODAzNSwidXJsIjoiaHR0cHM6XC9cL3d3dy5sYXJpdmllcmFkZWF0aXRsYW4uY29tXC93cC1jb250ZW50XC91cGxvYWRzXC8yMDIzXC8wOVwvV2hhdHNBcHAtSW1hZ2UtMjAyMy0wOS0wNy1hdC0xMi41MS4wOS1QTS5qcGVnIn0%3D\">\n\t\t\t\t\t\t\t<img fetchpriority=\"high\" decoding=\"async\" width=\"1600\" height=\"1200\" src=\"https:\/\/www.larivieradeatitlan.com\/wp-content\/uploads\/2023\/09\/WhatsApp-Image-2023-09-07-at-12.51.09-PM.jpeg\" class=\"attachment-full size-full wp-image-8035\" alt=\"\" srcset=\"https:\/\/www.larivieradeatitlan.com\/wp-content\/uploads\/2023\/09\/WhatsApp-Image-2023-09-07-at-12.51.09-PM.jpeg 1600w, https:\/\/www.larivieradeatitlan.com\/wp-content\/uploads\/2023\/09\/WhatsApp-Image-2023-09-07-at-12.51.09-PM-300x225.jpeg 300w, https:\/\/www.larivieradeatitlan.com\/wp-content\/uploads\/2023\/09\/WhatsApp-Image-2023-09-07-at-12.51.09-PM-1024x768.jpeg 1024w, https:\/\/www.larivieradeatitlan.com\/wp-content\/uploads\/2023\/09\/WhatsApp-Image-2023-09-07-at-12.51.09-PM-768x576.jpeg 768w, https:\/\/www.larivieradeatitlan.com\/wp-content\/uploads\/2023\/09\/WhatsApp-Image-2023-09-07-at-12.51.09-PM-1536x1152.jpeg 1536w\" sizes=\"(max-width: 1600px) 100vw, 1600px\" \/>\t\t\t\t\t\t\t\t<\/a>\n\t\t\t\t\t\t\t\t\t\t\t\t\t\t\t<\/div>\n\t\t\t\t<\/div>\n\t\t\t\t<\/div>\n\t\t\t\t\t<\/div>\n\t\t\t\t<\/div>\n\t\t<div class=\"elementor-element elementor-element-b3c73b4 e-flex e-con-boxed elementor-invisible e-con e-parent\" data-id=\"b3c73b4\" data-element_type=\"container\" data-e-type=\"container\" data-settings=\"{&quot;animation&quot;:&quot;fadeIn&quot;}\">\n\t\t\t\t\t<div class=\"e-con-inner\">\n\t\t\t\t<div class=\"elementor-element elementor-element-d4776e0 elementor-arrows-position-inside elementor-pagination-position-outside elementor-widget elementor-widget-image-carousel\" data-id=\"d4776e0\" data-element_type=\"widget\" data-e-type=\"widget\" data-settings=\"{&quot;slides_to_show&quot;:&quot;3&quot;,&quot;image_spacing_custom&quot;:{&quot;unit&quot;:&quot;px&quot;,&quot;size&quot;:10,&quot;sizes&quot;:[]},&quot;navigation&quot;:&quot;both&quot;,&quot;autoplay&quot;:&quot;yes&quot;,&quot;pause_on_hover&quot;:&quot;yes&quot;,&quot;pause_on_interaction&quot;:&quot;yes&quot;,&quot;autoplay_speed&quot;:5000,&quot;infinite&quot;:&quot;yes&quot;,&quot;speed&quot;:500,&quot;image_spacing_custom_tablet&quot;:{&quot;unit&quot;:&quot;px&quot;,&quot;size&quot;:&quot;&quot;,&quot;sizes&quot;:[]},&quot;image_spacing_custom_mobile&quot;:{&quot;unit&quot;:&quot;px&quot;,&quot;size&quot;:&quot;&quot;,&quot;sizes&quot;:[]}}\" data-widget_type=\"image-carousel.default\">\n\t\t\t\t<div class=\"elementor-widget-container\">\n\t\t\t\t\t\t\t<div class=\"elementor-image-carousel-wrapper swiper\" role=\"region\" aria-roledescription=\"carousel\" aria-label=\"Carrusel de im\u00e1genes\" dir=\"ltr\">\n\t\t\t<div class=\"elementor-image-carousel swiper-wrapper\" aria-live=\"off\">\n\t\t\t\t\t\t\t\t<div class=\"swiper-slide\" role=\"group\" aria-roledescription=\"slide\" aria-label=\"1 de 3\"><figure class=\"swiper-slide-inner\"><img decoding=\"async\" class=\"swiper-slide-image\" src=\"https:\/\/www.larivieradeatitlan.com\/wp-content\/uploads\/2023\/09\/WhatsApp-Image-2023-09-07-at-12.51.09-PM.jpeg\" alt=\"Habitaci\u00f3n Est\u00e1ndar\" \/><\/figure><\/div><div class=\"swiper-slide\" role=\"group\" aria-roledescription=\"slide\" aria-label=\"2 de 3\"><figure class=\"swiper-slide-inner\"><img decoding=\"async\" class=\"swiper-slide-image\" src=\"https:\/\/www.larivieradeatitlan.com\/wp-content\/uploads\/2025\/09\/Picture1.png\" alt=\"Picture1\" \/><\/figure><\/div><div class=\"swiper-slide\" role=\"group\" aria-roledescription=\"slide\" aria-label=\"3 de 3\"><figure class=\"swiper-slide-inner\"><img decoding=\"async\" class=\"swiper-slide-image\" src=\"https:\/\/www.larivieradeatitlan.com\/wp-content\/uploads\/2025\/09\/IMG_1992-scaled.jpg\" alt=\"IMG_1992\" \/><\/figure><\/div>\t\t\t<\/div>\n\t\t\t\t\t\t\t\t\t\t\t\t<div class=\"elementor-swiper-button elementor-swiper-button-prev\" role=\"button\" tabindex=\"0\">\n\t\t\t\t\t\t<i aria-hidden=\"true\" class=\"eicon-chevron-left\"><\/i>\t\t\t\t\t<\/div>\n\t\t\t\t\t<div class=\"elementor-swiper-button elementor-swiper-button-next\" role=\"button\" tabindex=\"0\">\n\t\t\t\t\t\t<i aria-hidden=\"true\" class=\"eicon-chevron-right\"><\/i>\t\t\t\t\t<\/div>\n\t\t\t\t\n\t\t\t\t\t\t\t\t\t<div class=\"swiper-pagination\"><\/div>\n\t\t\t\t\t\t\t\t\t<\/div>\n\t\t\t\t\t\t<\/div>\n\t\t\t\t<\/div>\n\t\t\t\t\t<\/div>\n\t\t\t\t<\/div>\n\t\t<div class=\"elementor-element elementor-element-502c75ed e-flex e-con-boxed e-con e-parent\" data-id=\"502c75ed\" data-element_type=\"container\" data-e-type=\"container\" data-settings=\"{&quot;background_background&quot;:&quot;classic&quot;}\">\n\t\t\t\t\t<div class=\"e-con-inner\">\n\t\t\t\t<div class=\"elementor-element elementor-element-2affb650 elementor-widget elementor-widget-heading\" data-id=\"2affb650\" data-element_type=\"widget\" data-e-type=\"widget\" data-widget_type=\"heading.default\">\n\t\t\t\t<div class=\"elementor-widget-container\">\n\t\t\t\t\t<h2 class=\"elementor-heading-title elementor-size-default\">\u00bfTe gustaria disfrutar un tiempo en la riviera?<\/h2>\t\t\t\t<\/div>\n\t\t\t\t<\/div>\n\t\t\t\t<div class=\"elementor-element elementor-element-3b60f523 elementor-align-center elementor-widget elementor-widget-button\" data-id=\"3b60f523\" data-element_type=\"widget\" data-e-type=\"widget\" data-widget_type=\"button.default\">\n\t\t\t\t<div class=\"elementor-widget-container\">\n\t\t\t\t\t\t\t\t\t<div class=\"elementor-button-wrapper\">\n\t\t\t\t\t<a class=\"elementor-button elementor-button-link elementor-size-sm\" href=\"https:\/\/wa.me\/59927452?text=\u00a1Hola,%20buen%20d\u00eda!%20estoy%20interesado\/a%20en%20reservar%20una%20habitaci\u00f3n%20en%20el%20Hotel%20Riviera%20de%20Atitl\u00e1n.%20\u00bfMe%20podr\u00edan%20ayudar%20con%20el%20proceso%20de%20reserva?\" target=\"_blank\">\n\t\t\t\t\t\t<span class=\"elementor-button-content-wrapper\">\n\t\t\t\t\t\t\t\t\t<span class=\"elementor-button-text\">RESERVAR<\/span>\n\t\t\t\t\t<\/span>\n\t\t\t\t\t<\/a>\n\t\t\t\t<\/div>\n\t\t\t\t\t\t\t\t<\/div>\n\t\t\t\t<\/div>\n\t\t\t\t\t<\/div>\n\t\t\t\t<\/div>\n\t\t\t\t<\/div>\n\t\t","protected":false},"excerpt":{"rendered":"<p>Habitaci\u00f3n Est\u00e1ndar Habitaci\u00f3n Est\u00e1ndar: 1 persona o 1 pareja Cama King Ba\u00f1o privado con Tina y Agua caliente Sala privada con TV con cable Balc\u00f3n con acceso desde habitaci\u00f3n y desde Sala con vista al Lago de Atitl\u00e1n Wifi Mini refri con servicio de Snack bajo cargo adicional Secadora de Cabello Tel\u00e9fono Habitaci\u00f3n y sala&#8230;<\/p>\n","protected":false},"author":2,"featured_media":0,"parent":0,"menu_order":0,"comment_status":"closed","ping_status":"closed","template":"","meta":{"_kad_post_transparent":"","_kad_post_title":"hide","_kad_post_layout":"fullwidth","_kad_post_sidebar_id":"","_kad_post_content_style":"unboxed","_kad_post_vertical_padding":"hide","_kad_post_feature":"hide","_kad_post_feature_position":"","_kad_post_header":false,"_kad_post_footer":false,"_joinchat":[],"footnotes":""},"class_list":["post-7904","page","type-page","status-publish","hentry"],"_links":{"self":[{"href":"https:\/\/www.larivieradeatitlan.com\/en\/wp-json\/wp\/v2\/pages\/7904","targetHints":{"allow":["GET"]}}],"collection":[{"href":"https:\/\/www.larivieradeatitlan.com\/en\/wp-json\/wp\/v2\/pages"}],"about":[{"href":"https:\/\/www.larivieradeatitlan.com\/en\/wp-json\/wp\/v2\/types\/page"}],"author":[{"embeddable":true,"href":"https:\/\/www.larivieradeatitlan.com\/en\/wp-json\/wp\/v2\/users\/2"}],"replies":[{"embeddable":true,"href":"https:\/\/www.larivieradeatitlan.com\/en\/wp-json\/wp\/v2\/comments?post=7904"}],"version-history":[{"count":23,"href":"https:\/\/www.larivieradeatitlan.com\/en\/wp-json\/wp\/v2\/pages\/7904\/revisions"}],"predecessor-version":[{"id":8120,"href":"https:\/\/www.larivieradeatitlan.com\/en\/wp-json\/wp\/v2\/pages\/7904\/revisions\/8120"}],"wp:attachment":[{"href":"https:\/\/www.larivieradeatitlan.com\/en\/wp-json\/wp\/v2\/media?parent=7904"}],"curies":[{"name":"wp","href":"https:\/\/api.w.org\/{rel}","templated":true}]}}