{"id":7753,"date":"2023-08-16T15:21:06","date_gmt":"2023-08-16T21:21:06","guid":{"rendered":"https:\/\/www.larivieradeatitlan.com\/?page_id=7753"},"modified":"2023-09-04T17:49:49","modified_gmt":"2023-09-04T23:49:49","slug":"quienes-somos-2","status":"publish","type":"page","link":"https:\/\/www.larivieradeatitlan.com\/en\/quienes-somos-2\/","title":{"rendered":"Quienes Somos"},"content":{"rendered":"\t\t<div data-elementor-type=\"wp-page\" data-elementor-id=\"7753\" class=\"elementor elementor-7753\" data-elementor-post-type=\"page\">\n\t\t\t\t<div class=\"elementor-element elementor-element-c389797 e-flex e-con-boxed e-con e-parent\" data-id=\"c389797\" data-element_type=\"container\" data-e-type=\"container\" data-settings=\"{&quot;background_background&quot;:&quot;classic&quot;,&quot;shape_divider_bottom&quot;:&quot;opacity-fan&quot;}\">\n\t\t\t\t\t<div class=\"e-con-inner\">\n\t\t\t\t<div class=\"elementor-shape elementor-shape-bottom\" aria-hidden=\"true\" data-negative=\"false\">\n\t\t\t<svg xmlns=\"http:\/\/www.w3.org\/2000\/svg\" viewBox=\"0 0 283.5 19.6\" preserveAspectRatio=\"none\">\n\t<path class=\"elementor-shape-fill\" style=\"opacity:0.33\" d=\"M0 0L0 18.8 141.8 4.1 283.5 18.8 283.5 0z\"\/>\n\t<path class=\"elementor-shape-fill\" style=\"opacity:0.33\" d=\"M0 0L0 12.6 141.8 4 283.5 12.6 283.5 0z\"\/>\n\t<path class=\"elementor-shape-fill\" style=\"opacity:0.33\" d=\"M0 0L0 6.4 141.8 4 283.5 6.4 283.5 0z\"\/>\n\t<path class=\"elementor-shape-fill\" d=\"M0 0L0 1.2 141.8 4 283.5 1.2 283.5 0z\"\/>\n<\/svg>\t\t<\/div>\n\t\t<div class=\"elementor-element elementor-element-2274676 e-flex e-con-boxed e-con e-parent\" data-id=\"2274676\" data-element_type=\"container\" data-e-type=\"container\">\n\t\t\t\t\t<div class=\"e-con-inner\">\n\t\t\t\t<div class=\"elementor-element elementor-element-5498c3e elementor-widget elementor-widget-heading\" data-id=\"5498c3e\" data-element_type=\"widget\" data-e-type=\"widget\" data-widget_type=\"heading.default\">\n\t\t\t\t<div class=\"elementor-widget-container\">\n\t\t\t\t\t<h2 class=\"elementor-heading-title elementor-size-default\">QUI\u00c9NES SOMOS<\/h2>\t\t\t\t<\/div>\n\t\t\t\t<\/div>\n\t\t\t\t\t<\/div>\n\t\t\t\t<\/div>\n\t\t\t\t\t<\/div>\n\t\t\t\t<\/div>\n\t\t<div class=\"elementor-element elementor-element-d286df0 e-flex e-con-boxed e-con e-parent\" data-id=\"d286df0\" data-element_type=\"container\" data-e-type=\"container\">\n\t\t\t\t\t<div class=\"e-con-inner\">\n\t\t<div class=\"elementor-element elementor-element-44b6def e-flex e-con-boxed e-con e-parent\" data-id=\"44b6def\" data-element_type=\"container\" data-e-type=\"container\">\n\t\t\t\t\t<div class=\"e-con-inner\">\n\t\t\t\t<div class=\"elementor-element elementor-element-8ff0dc2 elementor-widget elementor-widget-image\" data-id=\"8ff0dc2\" data-element_type=\"widget\" data-e-type=\"widget\" data-widget_type=\"image.default\">\n\t\t\t\t<div class=\"elementor-widget-container\">\n\t\t\t\t\t\t\t\t\t\t\t\t\t\t\t\t<a href=\"https:\/\/www.larivieradeatitlan.com\/wp-content\/uploads\/2023\/08\/Copia-de-46.webp\" data-elementor-open-lightbox=\"yes\" data-elementor-lightbox-title=\"Copia de 46\" data-e-action-hash=\"#elementor-action%3Aaction%3Dlightbox%26settings%3DeyJpZCI6Nzg5NCwidXJsIjoiaHR0cHM6XC9cL3d3dy5sYXJpdmllcmFkZWF0aXRsYW4uY29tXC93cC1jb250ZW50XC91cGxvYWRzXC8yMDIzXC8wOFwvQ29waWEtZGUtNDYud2VicCJ9\">\n\t\t\t\t\t\t\t<img fetchpriority=\"high\" decoding=\"async\" width=\"1024\" height=\"683\" src=\"https:\/\/www.larivieradeatitlan.com\/wp-content\/uploads\/2023\/08\/Copia-de-46-1024x683.webp\" class=\"attachment-large size-large wp-image-7894\" alt=\"\" srcset=\"https:\/\/www.larivieradeatitlan.com\/wp-content\/uploads\/2023\/08\/Copia-de-46-1024x683.webp 1024w, https:\/\/www.larivieradeatitlan.com\/wp-content\/uploads\/2023\/08\/Copia-de-46-300x200.webp 300w, https:\/\/www.larivieradeatitlan.com\/wp-content\/uploads\/2023\/08\/Copia-de-46-768x512.webp 768w, https:\/\/www.larivieradeatitlan.com\/wp-content\/uploads\/2023\/08\/Copia-de-46.webp 1200w\" sizes=\"(max-width: 1024px) 100vw, 1024px\" \/>\t\t\t\t\t\t\t\t<\/a>\n\t\t\t\t\t\t\t\t\t\t\t\t\t\t\t<\/div>\n\t\t\t\t<\/div>\n\t\t\t\t\t<\/div>\n\t\t\t\t<\/div>\n\t\t<div class=\"elementor-element elementor-element-16a441e e-flex e-con-boxed e-con e-parent\" data-id=\"16a441e\" data-element_type=\"container\" data-e-type=\"container\">\n\t\t\t\t\t<div class=\"e-con-inner\">\n\t\t\t\t<div class=\"elementor-element elementor-element-56ee70c elementor-widget elementor-widget-text-editor\" data-id=\"56ee70c\" data-element_type=\"widget\" data-e-type=\"widget\" data-widget_type=\"text-editor.default\">\n\t\t\t\t<div class=\"elementor-widget-container\">\n\t\t\t\t\t\t\t\t\t<p><span style=\"font-weight: 400;\">Hotel La Riviera de Atitl\u00e1n, es miembro de la Corporaci\u00f3n Mercadeo Inmobiliario, empresas 100% Guatemaltecas. El Hotel abri\u00f3 sus puertas en el a\u00f1o 2003 como el \u00fanico Complejo con playa privada y con el \u00fanico en su tipo con todas las habitaciones con balc\u00f3n y vista al Lago y sus volcanes<\/span><span style=\"font-weight: 400;\">.<\/span><\/p><p><span style=\"font-weight: 400;\">En el a\u00f1o 2006 se realizo una ampliaci\u00f3n al Hotel, convirti\u00e9ndose en el complejo Hotelero m\u00e1s grande en las orillas del Lago de Atitl\u00e1n ofreciendo un servicio de calidad y excelencia a sus hu\u00e9spedes, haci\u00e9ndolos sentir como hospedados en un Hotel para relajaci\u00f3n y privacidad.<\/span><\/p><p><span style=\"font-weight: 400;\">La \u00faltima remodelaci\u00f3n se hizo en el a\u00f1o 2015, en el \u00e1rea de Lobby y renovaci\u00f3n del interior de todas las habitaciones sencillas y dobles de los 2 edificios en d\u00f3nde se aloja el Hotel La Riviera de Atitl\u00e1n.<\/span><\/p>\t\t\t\t\t\t\t\t<\/div>\n\t\t\t\t<\/div>\n\t\t\t\t<div class=\"elementor-element elementor-element-c7b3539 elementor-align-justify elementor-widget elementor-widget-button\" data-id=\"c7b3539\" data-element_type=\"widget\" data-e-type=\"widget\" data-widget_type=\"button.default\">\n\t\t\t\t<div class=\"elementor-widget-container\">\n\t\t\t\t\t\t\t\t\t<div class=\"elementor-button-wrapper\">\n\t\t\t\t\t<a class=\"elementor-button elementor-button-link elementor-size-sm\" href=\"https:\/\/www.larivieradeatitlan.com\/elementor-7799\/\">\n\t\t\t\t\t\t<span class=\"elementor-button-content-wrapper\">\n\t\t\t\t\t\t\t\t\t<span class=\"elementor-button-text\">RESERVAR<\/span>\n\t\t\t\t\t<\/span>\n\t\t\t\t\t<\/a>\n\t\t\t\t<\/div>\n\t\t\t\t\t\t\t\t<\/div>\n\t\t\t\t<\/div>\n\t\t\t\t\t<\/div>\n\t\t\t\t<\/div>\n\t\t\t\t\t<\/div>\n\t\t\t\t<\/div>\n\t\t<div class=\"elementor-element elementor-element-90031dd e-flex e-con-boxed e-con e-parent\" data-id=\"90031dd\" data-element_type=\"container\" data-e-type=\"container\" data-settings=\"{&quot;background_background&quot;:&quot;classic&quot;}\">\n\t\t\t\t\t<div class=\"e-con-inner\">\n\t\t\t\t<div class=\"elementor-element elementor-element-6d86db8e elementor-widget elementor-widget-heading\" data-id=\"6d86db8e\" data-element_type=\"widget\" data-e-type=\"widget\" data-widget_type=\"heading.default\">\n\t\t\t\t<div class=\"elementor-widget-container\">\n\t\t\t\t\t<h2 class=\"elementor-heading-title elementor-size-default\">no te vas a querer regresar a casa<\/h2>\t\t\t\t<\/div>\n\t\t\t\t<\/div>\n\t\t\t\t<div class=\"elementor-element elementor-element-79f777f7 elementor-align-center elementor-widget elementor-widget-button\" data-id=\"79f777f7\" data-element_type=\"widget\" data-e-type=\"widget\" data-widget_type=\"button.default\">\n\t\t\t\t<div class=\"elementor-widget-container\">\n\t\t\t\t\t\t\t\t\t<div class=\"elementor-button-wrapper\">\n\t\t\t\t\t<a class=\"elementor-button elementor-button-link elementor-size-sm\" href=\"https:\/\/www.larivieradeatitlan.com\/habitaciones-2\/\">\n\t\t\t\t\t\t<span class=\"elementor-button-content-wrapper\">\n\t\t\t\t\t\t\t\t\t<span class=\"elementor-button-text\">RESERVAR<\/span>\n\t\t\t\t\t<\/span>\n\t\t\t\t\t<\/a>\n\t\t\t\t<\/div>\n\t\t\t\t\t\t\t\t<\/div>\n\t\t\t\t<\/div>\n\t\t\t\t\t<\/div>\n\t\t\t\t<\/div>\n\t\t\t\t<\/div>\n\t\t","protected":false},"excerpt":{"rendered":"<p>QUI\u00c9NES SOMOS Hotel La Riviera de Atitl\u00e1n, es miembro de la Corporaci\u00f3n Mercadeo Inmobiliario, empresas 100% Guatemaltecas. El Hotel abri\u00f3 sus puertas en el a\u00f1o 2003 como el \u00fanico Complejo con playa privada y con el \u00fanico en su tipo con todas las habitaciones con balc\u00f3n y vista al Lago y sus volcanes. En el&#8230;<\/p>\n","protected":false},"author":2,"featured_media":0,"parent":0,"menu_order":0,"comment_status":"closed","ping_status":"closed","template":"elementor_header_footer","meta":{"_kad_post_transparent":"","_kad_post_title":"","_kad_post_layout":"","_kad_post_sidebar_id":"","_kad_post_content_style":"","_kad_post_vertical_padding":"","_kad_post_feature":"","_kad_post_feature_position":"","_kad_post_header":false,"_kad_post_footer":false,"_joinchat":[],"footnotes":""},"class_list":["post-7753","page","type-page","status-publish","hentry"],"_links":{"self":[{"href":"https:\/\/www.larivieradeatitlan.com\/en\/wp-json\/wp\/v2\/pages\/7753","targetHints":{"allow":["GET"]}}],"collection":[{"href":"https:\/\/www.larivieradeatitlan.com\/en\/wp-json\/wp\/v2\/pages"}],"about":[{"href":"https:\/\/www.larivieradeatitlan.com\/en\/wp-json\/wp\/v2\/types\/page"}],"author":[{"embeddable":true,"href":"https:\/\/www.larivieradeatitlan.com\/en\/wp-json\/wp\/v2\/users\/2"}],"replies":[{"embeddable":true,"href":"https:\/\/www.larivieradeatitlan.com\/en\/wp-json\/wp\/v2\/comments?post=7753"}],"version-history":[{"count":25,"href":"https:\/\/www.larivieradeatitlan.com\/en\/wp-json\/wp\/v2\/pages\/7753\/revisions"}],"predecessor-version":[{"id":8018,"href":"https:\/\/www.larivieradeatitlan.com\/en\/wp-json\/wp\/v2\/pages\/7753\/revisions\/8018"}],"wp:attachment":[{"href":"https:\/\/www.larivieradeatitlan.com\/en\/wp-json\/wp\/v2\/media?parent=7753"}],"curies":[{"name":"wp","href":"https:\/\/api.w.org\/{rel}","templated":true}]}}